{"id":18640,"date":"2024-03-06T12:38:21","date_gmt":"2024-03-06T12:38:21","guid":{"rendered":"https:\/\/arrhenius.com\/warum-wir-handeln\/"},"modified":"2026-04-21T14:31:48","modified_gmt":"2026-04-21T14:31:48","slug":"warum-wir-handeln","status":"publish","type":"page","link":"https:\/\/arrhenius.com\/de\/warum-wir-handeln\/","title":{"rendered":"Motivation"},"content":{"rendered":"<div class=\"wpb-content-wrapper\"><p>[vc_row row_type=&#8220;parallax&#8220; parallax_content_width=&#8220;in_grid&#8220; text_align=&#8220;left&#8220; full_screen_section_height=&#8220;no&#8220; anchor=&#8220;home&#8220; background_image=&#8220;16811&#8243; section_height=&#8220;550&#8243;][vc_column][qode_elements_holder number_of_columns=&#8220;one_column&#8220;][qode_elements_holder_item vertical_alignment=&#8220;middle&#8220; advanced_animations=&#8220;no&#8220; item_padding=&#8220;20% 45% 10% 0&#8243; item_padding_768_1024=&#8220;14% 4% 17% 0&#8243; item_padding_600_768=&#8220;14% 4% 17% 0&#8243; item_padding_480_600=&#8220;16% 0 26%&#8220; item_padding_480=&#8220;16% 0 26%&#8220;][vc_column_text]<\/p>\n<h1>MOTIVATION<\/h1>\n<p>[\/vc_column_text][\/qode_elements_holder_item][\/qode_elements_holder][\/vc_column][\/vc_row][vc_row css_animation=&#8220;&#8220; row_type=&#8220;row&#8220; use_row_as_full_screen_section=&#8220;no&#8220; type=&#8220;grid&#8220; angled_section=&#8220;yes&#8220; angled_section_position=&#8220;top&#8220; angled_section_direction=&#8220;from_left_to_right&#8220; text_align=&#8220;left&#8220; background_image_as_pattern=&#8220;without_pattern&#8220; anchor=&#8220;climate_change&#8220; z_index=&#8220;&#8220;][vc_column width=&#8220;1\/2&#8243;][vc_empty_space height=&#8220;49px&#8220;][vc_column_text]<\/p>\n<h2><span class=\"wixui-rich-text__text\">Klimawandel<\/span><\/h2>\n<p>[\/vc_column_text][vc_empty_space height=&#8220;29px&#8220;][vc_column_text]<\/p>\n<h3>Die Arrhenius AG betreibt eine Negativemissionstechnologie, um der globalen Erw\u00e4rmung entgegenzuwirken.<\/h3>\n<p>&nbsp;<\/p>\n<p>Der CO<sub>2<\/sub>-Gehalt in der Atmosph\u00e4re ist durch menschliche Aktivit\u00e4ten wie die Verbrennung fossiler Brennstoffe, die Abholzung von W\u00e4ldern und industrielle Prozesse dramatisch gestiegen. Als Treibhausgas h\u00e4lt CO<sub>2<\/sub> W\u00e4rme in der Erdatmosph\u00e4re zur\u00fcck und verursacht so die globale Erw\u00e4rmung und den Klimawandel.<\/p>\n<p>&nbsp;<\/p>\n<p>Die negativen Auswirkungen sind bereits allgegenw\u00e4rtig. Extreme Wetterereignisse, W\u00fcstenbildung und das Verschwinden von Gletschern sind Beispiele der sp\u00fcrbaren Ver\u00e4nderung.[\/vc_column_text][\/vc_column][vc_column width=&#8220;1\/2&#8243;][vc_empty_space height=&#8220;50px&#8220;][vc_single_image image=&#8220;18593&#8243; img_size=&#8220;full&#8220; alignment=&#8220;center&#8220; onclick=&#8220;link_image&#8220; qode_css_animation=&#8220;&#8220;][vc_column_text]<\/p>\n<p style=\"margin: 0in; font-family: Calibri; font-size: 11pt; text-align: center;\"><span style=\"color: #999999;\">Quelle: NOAA Climate.gov<\/span><\/p>\n<p><\/p>\n<p style=\"margin: 0in; font-family: Calibri; font-size: 11pt; text-align: center;\"><span style=\"color: #999999;\">Daten: ESRL\/ETHZ\/NCEI<\/span><\/p>\n<p>[\/vc_column_text][\/vc_column][\/vc_row][vc_row css_animation=&#8220;&#8220; row_type=&#8220;row&#8220; use_row_as_full_screen_section=&#8220;no&#8220; type=&#8220;full_width&#8220; angled_section=&#8220;no&#8220; text_align=&#8220;left&#8220; background_image_as_pattern=&#8220;without_pattern&#8220;][vc_column][vc_empty_space height=&#8220;100px&#8220;][\/vc_column][\/vc_row][vc_row css_animation=&#8220;&#8220; row_type=&#8220;row&#8220; use_row_as_full_screen_section=&#8220;no&#8220; type=&#8220;grid&#8220; angled_section=&#8220;yes&#8220; angled_section_position=&#8220;top&#8220; angled_section_direction=&#8220;from_left_to_right&#8220; text_align=&#8220;right&#8220; background_image_as_pattern=&#8220;without_pattern&#8220; anchor=&#8220;NET&#8220; background_color=&#8220;#f5f5f5&#8243; padding_bottom=&#8220;0&#8243; css=&#8220;.vc_custom_1713359324479{padding-top: 57px !important;padding-bottom: 0px !important;}&#8220; z_index=&#8220;&#8220;][vc_column width=&#8220;1\/2&#8243;][vc_empty_space height=&#8220;80px&#8220;][vc_single_image image=&#8220;18511&#8243; img_size=&#8220;large&#8220; qode_css_animation=&#8220;&#8220;][vc_empty_space height=&#8220;100px&#8220;][\/vc_column][vc_column width=&#8220;1\/2&#8243; offset=&#8220;vc_col-lg-6 vc_col-md-6&#8243;][vc_column_text]<\/p>\n<h2 style=\"text-align: left;\">Die Heraus\u00adforderung<\/h2>\n<p>[\/vc_column_text][vc_separator type=&#8220;small&#8220; position=&#8220;center&#8220; down=&#8220;10&#8243; up=&#8220;10&#8243;][vc_column_text]<\/p>\n<p style=\"text-align: left;\">Emissionen zu reduzieren ist die effektivste und dringendste Strategie zur Minderung des Klimawandels. Aber der Zeitrahmen ist eng. Der <a href=\"https:\/\/www.ipcc.ch\/sr15\/\">Weltklimarat (IPCC)<\/a> macht deutlich, dass wir die globale Erw\u00e4rmung auf 1,5 Grad begrenzen m\u00fcssen, um die schlimmsten Auswirkungen des Klimawandels zu vermeiden. Dies erfordert <a href=\"https:\/\/arrhenius.com\/de\/warum-wir-handeln\/#net_zero\">Netto-Null-CO<sub>2<\/sub>-Emissionen<\/a> bis sp\u00e4testens 2050.<\/p>\n<p>&nbsp;<\/p>\n<p style=\"text-align: left;\">Arrhenius tr\u00e4gt mit der Entfernung und Speicherung von CO<sub>2<\/sub> zum Netto-Null-Ziel bei. Mit unserer Negativemissionstechnologie adressieren wir schwer vermeidbare Restemissionen, die beispielsweise in der Landwirtschaft oder bei der M\u00fcllverbrennung entstehen.<\/p>\n<p>[\/vc_column_text][vc_empty_space height=&#8220;30px&#8220;][\/vc_column][\/vc_row][vc_row css_animation=&#8220;&#8220; row_type=&#8220;row&#8220; use_row_as_full_screen_section=&#8220;no&#8220; type=&#8220;grid&#8220; angled_section=&#8220;yes&#8220; angled_section_position=&#8220;bottom&#8220; angled_section_direction=&#8220;from_right_to_left&#8220; text_align=&#8220;left&#8220; background_image_as_pattern=&#8220;without_pattern&#8220; padding_top=&#8220;87&#8243; background_color=&#8220;#ffffff&#8220; padding_bottom=&#8220;95&#8243; z_index=&#8220;&#8220; anchor=&#8220;net_zero&#8220;][vc_column][vc_empty_space][vc_column_text]<\/p>\n<h2 style=\"text-align: center;\">Der Weg zu Netto-Null<\/h2>\n<p><\/p>\n<div id=\"net_zero\"><\/div>\n<p>[\/vc_column_text][vc_separator type=&#8220;small&#8220; position=&#8220;center&#8220; down=&#8220;38&#8243; up=&#8220;7&#8243;][vc_column_text]Netto-Null bezeichnet das Gleichgewicht zwischen der Menge an Treibhausgasen, die in die Atmosph\u00e4re ausgestossen wird und der Menge, die aus der Atmosph\u00e4re entfernt wird. Mit anderen Worten: F\u00fcr jede Tonne CO<sub>2<\/sub>, die sich nicht vermeiden l\u00e4sst, m\u00fcssen wir eine Tonne CO<sub>2<\/sub> entfernen.[\/vc_column_text][vc_empty_space][vc_row_inner row_type=&#8220;row&#8220; type=&#8220;full_width&#8220; text_align=&#8220;left&#8220; css_animation=&#8220;&#8220;][vc_column_inner width=&#8220;1\/4&#8243;][vc_empty_space height=&#8220;21px&#8220;][vc_column_text]<strong>Netto-Null CO<sub>2<\/sub>\u00a0erfordert zwei Schritte:<\/strong><\/p>\n<p>&nbsp;<\/p>\n<p><strong>Schritt 1: <\/strong>Reduktion aller vermeidbaren Emissionen.<\/p>\n<p>&nbsp;<\/p>\n<p><strong>Schritt 2: <\/strong>Ausgleich aller nicht vermeidbaren Emissionen durch Kohlendioxid-Entfernung (d. h. durch negative Emissionen).<\/p>\n<p>&nbsp;<\/p>\n<p><strong>Das Fachgebiet von Arrhenius: <\/strong>Wir erzeugen negative Emissionen durch die Produktion und langfristige Speicherung von Mikroalgen-Biomasse im Untergrund (Schritt 2).[\/vc_column_text][vc_empty_space][\/vc_column_inner][vc_column_inner width=&#8220;3\/4&#8243;][vc_single_image image=&#8220;19348&#8243; img_size=&#8220;large&#8220; add_caption=&#8220;yes&#8220; onclick=&#8220;link_image&#8220; qode_css_animation=&#8220;&#8220;][vc_column_text]<\/p>\n<p style=\"margin: 0in; font-family: Calibri; font-size: 11pt; text-align: center;\"><span style=\"color: #999999;\">Quelle: World Resources Institute (WRI)<\/span><\/p>\n<p>[\/vc_column_text][vc_empty_space][\/vc_column_inner][\/vc_row_inner][vc_empty_space][vc_column_text]<\/p>\n<h3 style=\"text-align: left;\">Warum Netto-Null nicht genug ist<\/h3>\n<p>&nbsp;<\/p>\n<p style=\"text-align: left;\">Netto-Null CO<sub>2<\/sub> ist jedoch nur ein Zwischenziel. Laut dem Weltklimarat <a href=\"https:\/\/www.ipcc.ch\/report\/sixth-assessment-report-cycle\/\">(AR6 Synthesis Report, 2023<\/a>) sind Netto-Negativ-CO<sub>2<\/sub>-Emissionen erforderlich, um die vom Menschen verursachte globale Erw\u00e4rmung langfristig unter Kontrolle zu bringen.<\/p>\n<p>&nbsp;<\/p>\n<p style=\"text-align: left;\">Das bedeutet, dass wir ab 2050 mehr CO<sub>2<\/sub> aus der Atmosph\u00e4re entfernen m\u00fcssen, als wir emittieren. Mit der Zeit k\u00f6nnen so die Oberfl\u00e4chentemperaturen \u2013 nach einem m\u00f6glichen \u00dcberschreiten der kritischen Grenze \u2013 wieder sinken. Negative Emissionen sind daher ein wichtiger Faktor f\u00fcr die langfristige Stabilisierung des Klimas.<\/p>\n<p>[\/vc_column_text][\/vc_column][\/vc_row][vc_row row_type=&#8220;parallax&#8220; parallax_content_width=&#8220;in_grid&#8220; text_align=&#8220;left&#8220; full_screen_section_height=&#8220;no&#8220; background_image=&#8220;16789&#8243; section_height=&#8220;480&#8243;][vc_column][vc_separator type=&#8220;transparent&#8220; up=&#8220;122&#8243;]<div class=\"custom_font_holder \" style=\" font-style: normal; font-weight: 700; color: #ffffff; text-decoration: none; text-align: center; --qode-cf-font-size: 24px; --qode-cf-line-height: 18px; --qode-cf-font-size-1440: 24px; --qode-cf-line-height-1440: 18px; --qode-cf-font-size-1366: 24px; --qode-cf-line-height-1366: 18px; --qode-cf-font-size-1280: 24px; --qode-cf-line-height-1280: 18px; --qode-cf-font-size-1024: 24px; --qode-cf-line-height-1024: 18px; --qode-cf-font-size-768: 24px; --qode-cf-line-height-768: 18px; --qode-cf-font-size-680: 24px; --qode-cf-line-height-680: 18px; --qode-cf-font-size-480: 24px; --qode-cf-line-height-480: 18px;\">Sind Sie an CO<sub>2<\/sub>-Entfernungszertifikaten interessiert?<\/div>[vc_separator type=&#8220;small&#8220; position=&#8220;center&#8220; color=&#8220;#ffffff&#8220; down=&#8220;20&#8243; up=&#8220;20&#8243;][vc_separator type=&#8220;transparent&#8220; up=&#8220;12&#8243; down=&#8220;25&#8243;][vc_row_inner row_type=&#8220;row&#8220; type=&#8220;full_width&#8220; text_align=&#8220;center&#8220; css_animation=&#8220;&#8220;][vc_column_inner]<a  itemprop=\"url\" href=\"https:\/\/arrhenius.com\/de\/kontakt\/\" target=\"_self\" data-hover-border-color='#cccccc' data-hover-color='#d3d3d3' class=\"qbutton  left default\" style=\"color: #ffffff; border-color: rgba(255,255,255,0.8); background-color: rgba(0,0,0,0.01);\">KONTAKTIEREN SIE UNS<\/a>[\/vc_column_inner][\/vc_row_inner][vc_separator type=&#8220;transparent&#8220; up=&#8220;59&#8243; down=&#8220;0&#8243;][\/vc_column][\/vc_row]<\/p>\n<\/div>","protected":false},"excerpt":{"rendered":"<p>[vc_row row_type=&#8220;parallax&#8220; parallax_content_width=&#8220;in_grid&#8220; text_align=&#8220;left&#8220; full_screen_section_height=&#8220;no&#8220; anchor=&#8220;home&#8220; background_image=&#8220;16811&#8243; section_height=&#8220;550&#8243;][vc_column][qode_elements_holder number_of_columns=&#8220;one_column&#8220;][qode_elements_holder_item vertical_alignment=&#8220;middle&#8220; advanced_animations=&#8220;no&#8220; item_padding=&#8220;20% 45% 10% 0&#8243; item_padding_768_1024=&#8220;14% 4% 17% 0&#8243; item_padding_600_768=&#8220;14% 4% 17% 0&#8243; item_padding_480_600=&#8220;16% 0 26%&#8220; item_padding_480=&#8220;16% 0 26%&#8220;][vc_column_text] MOTIVATION [\/vc_column_text][\/qode_elements_holder_item][\/qode_elements_holder][\/vc_column][\/vc_row][vc_row css_animation=&#8220;&#8220; row_type=&#8220;row&#8220; use_row_as_full_screen_section=&#8220;no&#8220; type=&#8220;grid&#8220; angled_section=&#8220;yes&#8220; angled_section_position=&#8220;top&#8220; angled_section_direction=&#8220;from_left_to_right&#8220; text_align=&#8220;left&#8220; background_image_as_pattern=&#8220;without_pattern&#8220; anchor=&#8220;climate_change&#8220; z_index=&#8220;&#8220;][vc_column width=&#8220;1\/2&#8243;][vc_empty_space height=&#8220;49px&#8220;][vc_column_text] Klimawandel&#8230;<\/p>\n","protected":false},"author":1,"featured_media":0,"parent":0,"menu_order":0,"comment_status":"closed","ping_status":"closed","template":"full_width.php","meta":{"footnotes":""},"class_list":["post-18640","page","type-page","status-publish","hentry"],"aioseo_notices":[],"_links":{"self":[{"href":"https:\/\/arrhenius.com\/de\/wp-json\/wp\/v2\/pages\/18640","targetHints":{"allow":["GET"]}}],"collection":[{"href":"https:\/\/arrhenius.com\/de\/wp-json\/wp\/v2\/pages"}],"about":[{"href":"https:\/\/arrhenius.com\/de\/wp-json\/wp\/v2\/types\/page"}],"author":[{"embeddable":true,"href":"https:\/\/arrhenius.com\/de\/wp-json\/wp\/v2\/users\/1"}],"replies":[{"embeddable":true,"href":"https:\/\/arrhenius.com\/de\/wp-json\/wp\/v2\/comments?post=18640"}],"version-history":[{"count":115,"href":"https:\/\/arrhenius.com\/de\/wp-json\/wp\/v2\/pages\/18640\/revisions"}],"predecessor-version":[{"id":19636,"href":"https:\/\/arrhenius.com\/de\/wp-json\/wp\/v2\/pages\/18640\/revisions\/19636"}],"wp:attachment":[{"href":"https:\/\/arrhenius.com\/de\/wp-json\/wp\/v2\/media?parent=18640"}],"curies":[{"name":"wp","href":"https:\/\/api.w.org\/{rel}","templated":true}]}}