{"id":18633,"date":"2024-02-25T19:16:13","date_gmt":"2024-02-25T19:16:13","guid":{"rendered":"https:\/\/arrhenius.com\/datenschutz\/"},"modified":"2025-04-02T13:33:49","modified_gmt":"2025-04-02T13:33:49","slug":"datenschutz","status":"publish","type":"page","link":"https:\/\/arrhenius.com\/de\/datenschutz\/","title":{"rendered":"Datenschutz"},"content":{"rendered":"<div class=\"wpb-content-wrapper\"><p>[vc_row css_animation=&#8220;&#8220; row_type=&#8220;row&#8220; use_row_as_full_screen_section=&#8220;no&#8220; type=&#8220;full_width&#8220; angled_section=&#8220;no&#8220; text_align=&#8220;left&#8220; background_image_as_pattern=&#8220;without_pattern&#8220;][vc_column][vc_column_text]<\/p>\n<h2>Datenschutzbestimmungen<\/h2>\n<p>&nbsp;<\/p>\n<p>F\u00fcr die Sicherheit der Daten\u00fcbertragung im Internet k\u00f6nnen wir keine Gew\u00e4hr \u00fcbernehmen, insbesondere besteht bei der \u00dcbermittlung von Daten per E-Mail die Gefahr des Zugriffs durch Dritte.<\/p>\n<p>&nbsp;<\/p>\n<p>Der Nutzung von im Rahmen der Impressumspflicht ver\u00f6ffentlichten Kontaktdaten durch Dritte zu Werbezwecken wird hiermit ausdr\u00fccklich widersprochen. Der Betreiber beh\u00e4lt sich ausdr\u00fccklich rechtliche Schritte im Falle der unverlangten Zusendung von Werbe- oder Informationsmaterial vor. <\/p>\n<p>&nbsp;<\/p>\n<p>Sollten einzelne Bestimmungen oder Formulierungen dieses Haftungsausschlusses unwirksam sein oder werden, so ber\u00fchrt dies den Inhalt und die G\u00fcltigkeit der \u00fcbrigen Bestimmungen nicht.<\/p>\n<p><!-- \/wp:post-content --> <\/p>\n<p><!-- wp:heading --><\/p>\n<h2 class=\"wp-block-heading\"> <\/h2>\n<p><!-- \/wp:heading --> <\/p>\n<p><!-- wp:paragraph \/--> <\/p>\n<p><!-- wp:paragraph \/--> <\/p>\n<p><!-- wp:paragraph \/--> <\/p>\n<p><!-- wp:paragraph \/--> <\/p>\n<p><!-- wp:paragraph \/--> <\/p>\n<p>[\/vc_column_text][vc_empty_space height=&#8220;220px&#8220;][\/vc_column][\/vc_row]<\/p>\n<\/div>","protected":false},"excerpt":{"rendered":"<p>[vc_row css_animation=&#8220;&#8220; row_type=&#8220;row&#8220; use_row_as_full_screen_section=&#8220;no&#8220; type=&#8220;full_width&#8220; angled_section=&#8220;no&#8220; text_align=&#8220;left&#8220; background_image_as_pattern=&#8220;without_pattern&#8220;][vc_column][vc_column_text] Datenschutzbestimmungen &nbsp; F\u00fcr die Sicherheit der Daten\u00fcbertragung im Internet k\u00f6nnen wir keine Gew\u00e4hr \u00fcbernehmen, insbesondere besteht bei der \u00dcbermittlung von Daten per E-Mail die Gefahr des Zugriffs durch Dritte. &nbsp; Der Nutzung von im Rahmen der Impressumspflicht&#8230;<\/p>\n","protected":false},"author":1,"featured_media":0,"parent":0,"menu_order":0,"comment_status":"closed","ping_status":"closed","template":"","meta":{"footnotes":""},"class_list":["post-18633","page","type-page","status-publish","hentry"],"aioseo_notices":[],"_links":{"self":[{"href":"https:\/\/arrhenius.com\/de\/wp-json\/wp\/v2\/pages\/18633","targetHints":{"allow":["GET"]}}],"collection":[{"href":"https:\/\/arrhenius.com\/de\/wp-json\/wp\/v2\/pages"}],"about":[{"href":"https:\/\/arrhenius.com\/de\/wp-json\/wp\/v2\/types\/page"}],"author":[{"embeddable":true,"href":"https:\/\/arrhenius.com\/de\/wp-json\/wp\/v2\/users\/1"}],"replies":[{"embeddable":true,"href":"https:\/\/arrhenius.com\/de\/wp-json\/wp\/v2\/comments?post=18633"}],"version-history":[{"count":2,"href":"https:\/\/arrhenius.com\/de\/wp-json\/wp\/v2\/pages\/18633\/revisions"}],"predecessor-version":[{"id":18637,"href":"https:\/\/arrhenius.com\/de\/wp-json\/wp\/v2\/pages\/18633\/revisions\/18637"}],"wp:attachment":[{"href":"https:\/\/arrhenius.com\/de\/wp-json\/wp\/v2\/media?parent=18633"}],"curies":[{"name":"wp","href":"https:\/\/api.w.org\/{rel}","templated":true}]}}